{"id":3109,"date":"2019-10-24T00:57:41","date_gmt":"2019-10-24T00:57:41","guid":{"rendered":"https:\/\/goya.everthemes.com\/demo-fashion\/?page_id=3109"},"modified":"2023-12-12T09:17:17","modified_gmt":"2023-12-12T09:17:17","slug":"privacy-policy-2","status":"publish","type":"page","link":"https:\/\/alternativetm.ro\/shop\/privacy-policy-2\/","title":{"rendered":"Protec\u0163ia datelor"},"content":{"rendered":"\n<p><strong>Cine suntem<\/strong><\/p>\n\n\n\n<p>Asociatia CLUB SPORTIV ALTERNATIVE&nbsp; ,<\/p>\n\n\n\n<p>cu sediul social in&nbsp;Timisoara, Bdul Eroilor Nr. 7C, Ap. 11 judet Timis,<\/p>\n\n\n\n<p>cod \u00eenregistrare fiscal\u0103 15156297.<\/p>\n\n\n\n<p><strong>Datele personale pe care le prelucr\u0103m \u0219i de ce le prelucr\u0103m<\/strong><\/p>\n\n\n\n<p>Politica noastr\u0103 personal\u0103 de confiden\u021bialitate a datelor reglementeaz\u0103 utilizarea \u0219i stocarea datelor dumneavoastr\u0103.<\/p>\n\n\n\n<p>Asociatia CLUB SPORTIV ALTERNATIVE &nbsp;este un operator de date cu caracter personal. Colect\u0103m urm\u0103toarele tipuri de date personale de la dvs.:<\/p>\n\n\n\n<p><strong>Date de contacta<\/strong><\/p>\n\n\n\n<p>\u2022 Nume \u0219i prenume<\/p>\n\n\n\n<p>\u2022 E-mail<\/p>\n\n\n\n<p>\u2022 Num\u0103r de telefon<\/p>\n\n\n\n<p>\u2022 Adresa de livrare<\/p>\n\n\n\n<p>\u2022 Detalii de facturare \u0219i plat\u0103<\/p>\n\n\n\n<p>Avem nevoie de aceste informa\u021bii pentru validarea comenzilor, emiterea facturii respectiv livrarea produselor comandate.<\/p>\n\n\n\n<p>Dac\u0103 s-a folosit formularul de contact atunci numele \u0219i prenumele sunt folosite \u00een vederea valid\u0103rii persoanei respective iar emailul este folosit pentru comunicarea cu persona respectiv\u0103.<\/p>\n\n\n\n<p><strong>Comentarii<\/strong><\/p>\n\n\n\n<p>\u00cen momentul \u00een care vizitatorii site-ului scriu comentarii noi colectam datele din formularul de comentariu, la fel cu adresa IP \u0219i agentul browser-ului \u00een vederea detect\u0103rii comentariilor de tip spam.<\/p>\n\n\n\n<p><strong>Con\u021binut inclus din alte site-uri (embedded content)<\/strong><\/p>\n\n\n\n<p>Articole sau pagini din acest site pot include con\u021binut cu originea aflat\u0103 \u00een alte site-uri (de ex. video, imagini, articole etc.). Un exemplu poate reprezenta un videoclip youtube inclus \u00eentr-o pagin\u0103. Din punct de vedere al func\u021bionalit\u0103\u021bii interac\u021biunea cu acest timp de con\u021binut este similar\u0103 ca \u0219i cum utilizatorul s-ar afla pe site-ul originar con\u021binutului inclus. Aceasta \u00eenseamn\u0103 ca aceste site-uri pot colecta date despre utilizatori, s\u0103 foloseasc\u0103 cookie-uri, s\u0103 monitorizeze interac\u021biunea utilizatorului cu con\u021binutul respectiv sau alte activit\u0103\u021bi.<\/p>\n\n\n\n<p><strong>Cine are acces la datele dumneavoastra cu caracter personal<\/strong><\/p>\n\n\n\n<p>Datele dumneavoastra vor fi prelucrate doar in cadrul companiei noastre sau transmise partenerilor din domeniul juridic \u0219i contabil.<\/p>\n\n\n\n<p>Furnizorii de servicii cu care colaboram pentru a ne desfasura activitatea sunt:<\/p>\n\n\n\n<p>Google Analytics: furnizor analiz\u0103 trafic site<\/p>\n\n\n\n<p>Po\u0219ta Rom\u00e2n\u0103, Fan Courier, Urgent Cargus, DHL: furnizori servicii curierat<\/p>\n\n\n\n<p><strong>Pentru c\u00e2t timp v\u0103 stoc\u0103m datele<\/strong><\/p>\n\n\n\n<p>Vom stoca datele \u00een conformitate cu reglement\u0103rile contabile din Rom\u00e2nia.<\/p>\n\n\n\n<p><strong>Care sunt drepturile dumneavoastr\u0103<\/strong><\/p>\n\n\n\n<p>\u00cen condi\u021biile prev\u0103zute de legisla\u021bia \u00een materia prelucr\u0103rii datelor cu caracter personal, \u00een calitate de persoane vizate, beneficia\u021bi de urm\u0103toarele drepturi:<\/p>\n\n\n\n<ul class=\"wp-block-list\">\n<li>dreptul la informare, respectiv dreptul de a primi detalii privind activit\u0103\u021bile de prelucrare efectuate de c\u0103tre&nbsp;ASOCIATIA CLUB SPORTIV ALTERNATIVE &nbsp;&nbsp;, conform celor descrise \u00een prezentul document;<\/li>\n\n\n\n<li>dreptul de acces la date, respectiv dreptul de a ob\u021bine confirmarea din partea&nbsp;ASOCIATIA CLUB SPORTIV ALTERNATIVE &nbsp;&nbsp;&nbsp;cu privire la prelucrarea datelor cu caracter personal, precum \u0219i detalii privind activit\u0103\u021bile de prelucrare precum modalitatea \u00een care sunt prelucrate datele, scopul \u00een care se face prelucrarea, destinatarii sau categoriile de destinatari ai datelor, etc;<\/li>\n\n\n\n<li>dreptul la rectificare, respectiv dreptul de a ob\u021bine corectarea, f\u0103r\u0103 \u00eent\u00e2rzieri justificate, de c\u0103tre&nbsp;ASOCIATIA CLUB SPORTIV ALTERNATIVE &nbsp;&nbsp;&nbsp;a datelor cu caracter personal inexacte\/ nejustificate, precum \u0219i completarea datelor incomplete; Rectificarea\/ completarea va fi comunicat\u0103 fiec\u0103rui destinatar la care au fost transmise datele, cu excep\u021bia cazului \u00een care acest lucru se dovede\u0219te imposibil sau presupune eforturi dispropor\u021bionate.<\/li>\n\n\n\n<li>dreptul la \u0219tergerea datelor, f\u0103r\u0103 \u00eent\u00e2rzieri nejustificate, (\u201edreptul de a fi uitat\u201d), \u00een cazul in care se aplic\u0103 unul dintre urm\u0103toarele motive:\n<ul class=\"wp-block-list\">\n<li>acestea nu mai sunt necesare pentru \u00eendeplinirea scopurilor pentru care au fost colectate sau prelucrate;<\/li>\n\n\n\n<li>\u00een cazul \u00een care este retras consim\u021b\u0103m\u00e2ntul \u0219i nu exist\u0103 niciun alt temei juridic pentru prelucrare;<\/li>\n\n\n\n<li>\u00een cazul \u00een care persoana vizat\u0103 se opune prelucr\u0103rii \u0219i nu exist\u0103 motive legitime care s\u0103 prevaleze;<\/li>\n\n\n\n<li>\u00een cazul \u00een care datele cu caracter personal au fost prelucrate ilegal;<\/li>\n\n\n\n<li>\u00een cazul \u00een care datele cu caracter personal trebuie \u0219terse pentru respectarea unei obliga\u021bii legale;<\/li>\n\n\n\n<li>datele cu caracter personal au fost colectate \u00een leg\u0103tur\u0103 cu oferirea de servicii ale societ\u0103\u021bii informa\u021bionale conform dreptului Uniunii sau al dreptului intern sub incidenta c\u0103ruia se afl\u0103 operatorul.<\/li>\n<\/ul>\n<\/li>\n<\/ul>\n\n\n\n<p>Este posibil ca, \u00een urma solicit\u0103rii de \u0219tergere a datelor,&nbsp;ASOCIATIA CLUB SPORTIV ALTERNATIVE &nbsp;&nbsp;&nbsp;s\u0103 anonimizeze aceste date (lipsindu-le astfel de caracterul personal) \u0219i s\u0103 continue \u00een aceste condi\u021bii prelucrarea pentru scopuri statistice;<\/p>\n\n\n\n<ul class=\"wp-block-list\">\n<li>dreptul la restric\u021bionarea prelucr\u0103rii \u00een m\u0103sura \u00een care :\n<ul class=\"wp-block-list\">\n<li>persoana contest\u0103 exactitatea datelor, pe o perioad\u0103 care ne permite verificarea corectitudinii datelor;<\/li>\n\n\n\n<li>prelucrarea este ilegal\u0103, iar persoana vizat\u0103 se opune \u0219tergerii datelor cu caracter personal, solicit\u00e2nd \u00een schimb restric\u021bionarea utiliz\u0103rii lor;<\/li>\n\n\n\n<li>operatorul nu mai are nevoie de datele cu caracter personal \u00een scopul prelucr\u0103rii, dar persoana vizat\u0103 i le solicit\u0103 pentru constatarea, exercitarea sau ap\u0103rarea unui drept \u00een instan\u021b\u0103; sau<\/li>\n\n\n\n<li>persoana vizat\u0103 s-a opus prelucr\u0103rii (altele dec\u00e2t cele de marketing direct), pentru intervalul de timp \u00een care se verific\u0103 dac\u0103 drepturile legitime ale operatorului prevaleaz\u0103 asupra celor ale persoanei vizate.<\/li>\n<\/ul>\n<\/li>\n\n\n\n<li>dreptul la portabilitatea datelor, respectiv (i) dreptul de a primi datele cu caracter personal \u00eentr-o modalitate structurat\u0103, folosit\u0103 \u00een mod obi\u0219nuit \u0219i \u00eentr-un format u\u0219or de citit, precum \u0219i (ii) dreptul ca aceste date s\u0103 fie transmise de c\u0103tre&nbsp;ASOCIATIA CLUB SPORTIV ALTERNATIVE &nbsp;&nbsp;&nbsp;c\u0103tre alt operator de date, \u00een m\u0103sura \u00een care sunt \u00eendeplinite condi\u021biile prev\u0103zute de lege;<\/li>\n\n\n\n<li>dreptul la opozi\u021bie \u2013 \u00een ceea ce prive\u0219te activit\u0103\u021bile de prelucrare se poate exercita prin transmiterea unei solicit\u0103ri conform celor indicate mai jos;\n<ul class=\"wp-block-list\">\n<li>\u00een orice moment, din motive legate de situa\u021bia particular\u0103 \u00een care se afl\u0103 persoana vizat\u0103, ca datele care o vizeaz\u0103 s\u0103 fie prelucrate \u00een temeiul interesului legitim al&nbsp;ASOCIATIA CLUB SPORTIV ALTERNATIVE &nbsp;&nbsp;&nbsp;sau \u00een temeiul interesului public, cu excep\u021bia cazurilor \u00een care&nbsp;ASOCIATIA CLUB SPORTIV ALTERNATIVE &nbsp;&nbsp;&nbsp;poate demonstra c\u0103 are motive legitime \u0219i imperioase care justific\u0103 prelucarea \u0219i care prevaleaz\u0103 asupra intereselor, drepturilor \u0219i libert\u0103\u021bilor persoanelor vizate sau c\u0103 scopul este constatarea, exercitarea sau apararea unui drept \u00een instan\u021b\u0103;<\/li>\n\n\n\n<li>\u00een orice moment, \u00een mod gratuit \u0219i f\u0103r\u0103 nicio justificare, c\u0103 datele care o vizeaz\u0103 s\u0103 fie prelucrate \u00een scop de marketing direct.<\/li>\n<\/ul>\n<\/li>\n\n\n\n<li>dreptul de a nu fi supus unei decizii individuale automate, respectiv dreptul de a nu fi subiectul unei decizii luate numai pe baza unor activit\u0103\u021bi de prelucrare automate, inclusiv crearea de profiluri, care produce efecte juridice care privesc persoana vizat\u0103 sau o afecteaz\u0103 \u00een mod similar \u00eentr-o m\u0103sur\u0103 semnificativ\u0103;<\/li>\n\n\n\n<li>dreptul de a v\u0103 adresa Autorit\u0103\u0163ii Na\u0163ionale de Supraveghere a Prelucr\u0103rii Datelor cu Caracter Personal sau instan\u021belor competente, \u00een m\u0103sura \u00een care considera\u021bi necesar.<\/li>\n<\/ul>\n\n\n\n<p><strong>Unde v\u0103 stoc\u0103m datele<\/strong><\/p>\n\n\n\n<p>Datele pe care le colectam de la utilizatorii site-ului sunt stocate in Spatiul Economic European (SEE) \u2013 Romania si pot fi transmise in afara SEE doar conform legislatiei in vigoare.<\/p>\n\n\n\n<p><strong>Responsabil cu protec\u021bia datelor<\/strong><\/p>\n\n\n\n<p>Pute\u021bi contacta responsabilul cu protec\u021bia datelor la adresa de contact office@alternativetm.ro &nbsp;men\u021bion\u00e2nd \u00een subiectul emailului \u201dDPO\u201d.<\/p>\n","protected":false},"excerpt":{"rendered":"<p>Cine suntem Asociatia CLUB SPORTIV ALTERNATIVE&nbsp; , cu sediul social in&nbsp;Timisoara, Bdul Eroilor Nr. 7C, Ap. 11 judet Timis, cod \u00eenregistrare fiscal\u0103 15156297. Datele personale pe care le prelucr\u0103m \u0219i de ce le prelucr\u0103m Politica noastr\u0103 personal\u0103 de confiden\u021bialitate a datelor reglementeaz\u0103 utilizarea \u0219i stocarea datelor dumneavoastr\u0103. Asociatia CLUB SPORTIV [&hellip;]<\/p>\n","protected":false},"author":1,"featured_media":0,"parent":0,"menu_order":0,"comment_status":"closed","ping_status":"closed","template":"","meta":{"footnotes":""},"class_list":["post-3109","page","type-page","status-publish","hentry"],"aioseo_notices":[],"_links":{"self":[{"href":"https:\/\/alternativetm.ro\/shop\/wp-json\/wp\/v2\/pages\/3109","targetHints":{"allow":["GET"]}}],"collection":[{"href":"https:\/\/alternativetm.ro\/shop\/wp-json\/wp\/v2\/pages"}],"about":[{"href":"https:\/\/alternativetm.ro\/shop\/wp-json\/wp\/v2\/types\/page"}],"author":[{"embeddable":true,"href":"https:\/\/alternativetm.ro\/shop\/wp-json\/wp\/v2\/users\/1"}],"replies":[{"embeddable":true,"href":"https:\/\/alternativetm.ro\/shop\/wp-json\/wp\/v2\/comments?post=3109"}],"version-history":[{"count":2,"href":"https:\/\/alternativetm.ro\/shop\/wp-json\/wp\/v2\/pages\/3109\/revisions"}],"predecessor-version":[{"id":3456,"href":"https:\/\/alternativetm.ro\/shop\/wp-json\/wp\/v2\/pages\/3109\/revisions\/3456"}],"wp:attachment":[{"href":"https:\/\/alternativetm.ro\/shop\/wp-json\/wp\/v2\/media?parent=3109"}],"curies":[{"name":"wp","href":"https:\/\/api.w.org\/{rel}","templated":true}]}}