{"id":3560,"date":"2023-12-17T16:40:49","date_gmt":"2023-12-17T16:40:49","guid":{"rendered":"https:\/\/alternativetm.ro\/shop\/?post_type=product&#038;p=3560"},"modified":"2023-12-17T16:47:53","modified_gmt":"2023-12-17T16:47:53","slug":"tricou-hercules-maraton-2019-baieti","status":"publish","type":"product","link":"https:\/\/alternativetm.ro\/shop\/produs\/tricou-hercules-maraton-2019-baieti\/","title":{"rendered":"Tricou Hercules Maraton 2019 b\u0103ie\u0163i"},"content":{"rendered":"","protected":false},"excerpt":{"rendered":"<p>Tricou de b\u0103ie\u0163i Hercules Maraton 2019<\/p>\n","protected":false},"featured_media":3571,"template":"","meta":[],"product_brand":[],"product_cat":[76],"product_tag":[],"class_list":{"0":"post-3560","1":"product","2":"type-product","3":"status-publish","4":"has-post-thumbnail","6":"product_cat-tricouri-baieti","8":"first","9":"instock","10":"shipping-taxable","11":"purchasable","12":"product-type-variable"},"aioseo_notices":[],"_links":{"self":[{"href":"https:\/\/alternativetm.ro\/shop\/wp-json\/wp\/v2\/product\/3560","targetHints":{"allow":["GET"]}}],"collection":[{"href":"https:\/\/alternativetm.ro\/shop\/wp-json\/wp\/v2\/product"}],"about":[{"href":"https:\/\/alternativetm.ro\/shop\/wp-json\/wp\/v2\/types\/product"}],"wp:featuredmedia":[{"embeddable":true,"href":"https:\/\/alternativetm.ro\/shop\/wp-json\/wp\/v2\/media\/3571"}],"wp:attachment":[{"href":"https:\/\/alternativetm.ro\/shop\/wp-json\/wp\/v2\/media?parent=3560"}],"wp:term":[{"taxonomy":"product_brand","embeddable":true,"href":"https:\/\/alternativetm.ro\/shop\/wp-json\/wp\/v2\/product_brand?post=3560"},{"taxonomy":"product_cat","embeddable":true,"href":"https:\/\/alternativetm.ro\/shop\/wp-json\/wp\/v2\/product_cat?post=3560"},{"taxonomy":"product_tag","embeddable":true,"href":"https:\/\/alternativetm.ro\/shop\/wp-json\/wp\/v2\/product_tag?post=3560"}],"curies":[{"name":"wp","href":"https:\/\/api.w.org\/{rel}","templated":true}]}}