{"id":3625,"date":"2023-12-19T11:17:56","date_gmt":"2023-12-19T11:17:56","guid":{"rendered":"https:\/\/alternativetm.ro\/shop\/?post_type=product&#038;p=3625"},"modified":"2025-09-18T05:45:24","modified_gmt":"2025-09-18T05:45:24","slug":"tricou-hco-2019-baieti","status":"publish","type":"product","link":"https:\/\/alternativetm.ro\/shop\/produs\/tricou-hco-2019-baieti\/","title":{"rendered":"Tricou HCO 2019 b\u0103ie\u0163i"},"content":{"rendered":"","protected":false},"excerpt":{"rendered":"<p>Tricou de b\u0103ie\u0163i HCO 2019<\/p>\n","protected":false},"featured_media":3629,"template":"","meta":[],"product_brand":[],"product_cat":[76],"product_tag":[],"class_list":{"0":"post-3625","1":"product","2":"type-product","3":"status-publish","4":"has-post-thumbnail","6":"product_cat-tricouri-baieti","8":"first","9":"instock","10":"featured","11":"shipping-taxable","12":"purchasable","13":"product-type-variable"},"aioseo_notices":[],"_links":{"self":[{"href":"https:\/\/alternativetm.ro\/shop\/wp-json\/wp\/v2\/product\/3625","targetHints":{"allow":["GET"]}}],"collection":[{"href":"https:\/\/alternativetm.ro\/shop\/wp-json\/wp\/v2\/product"}],"about":[{"href":"https:\/\/alternativetm.ro\/shop\/wp-json\/wp\/v2\/types\/product"}],"wp:featuredmedia":[{"embeddable":true,"href":"https:\/\/alternativetm.ro\/shop\/wp-json\/wp\/v2\/media\/3629"}],"wp:attachment":[{"href":"https:\/\/alternativetm.ro\/shop\/wp-json\/wp\/v2\/media?parent=3625"}],"wp:term":[{"taxonomy":"product_brand","embeddable":true,"href":"https:\/\/alternativetm.ro\/shop\/wp-json\/wp\/v2\/product_brand?post=3625"},{"taxonomy":"product_cat","embeddable":true,"href":"https:\/\/alternativetm.ro\/shop\/wp-json\/wp\/v2\/product_cat?post=3625"},{"taxonomy":"product_tag","embeddable":true,"href":"https:\/\/alternativetm.ro\/shop\/wp-json\/wp\/v2\/product_tag?post=3625"}],"curies":[{"name":"wp","href":"https:\/\/api.w.org\/{rel}","templated":true}]}}